{"id":336,"date":"2023-10-21T17:17:01","date_gmt":"2023-10-21T16:17:01","guid":{"rendered":"https:\/\/chateaudevaudezert.com\/?page_id=336"},"modified":"2024-06-07T09:56:28","modified_gmt":"2024-06-07T08:56:28","slug":"politique-de-confidentialite","status":"publish","type":"page","link":"https:\/\/chateaudevaudezert.com\/fr\/politique-de-confidentialite\/","title":{"rendered":"Politique de confidentialit\u00e9"},"content":{"rendered":"<div data-elementor-type=\"wp-page\" data-elementor-id=\"336\" class=\"elementor elementor-336\" data-elementor-post-type=\"page\">\n\t\t\t\t<div class=\"elementor-element elementor-element-831c032 e-flex e-con-boxed e-con e-parent\" data-id=\"831c032\" data-element_type=\"container\" data-e-type=\"container\">\n\t\t\t\t\t<div class=\"e-con-inner\">\n\t\t\t\t<div class=\"elementor-element elementor-element-b711e6f elementor-widget-divider--view-line elementor-widget elementor-widget-divider\" data-id=\"b711e6f\" data-element_type=\"widget\" data-e-type=\"widget\" data-widget_type=\"divider.default\">\n\t\t\t\t<div class=\"elementor-widget-container\">\n\t\t\t\t\t\t\t<div class=\"elementor-divider\">\n\t\t\t<span class=\"elementor-divider-separator\">\n\t\t\t\t\t\t<\/span>\n\t\t<\/div>\n\t\t\t\t\t\t<\/div>\n\t\t\t\t<\/div>\n\t\t\t\t<div class=\"elementor-element elementor-element-18f7028 elementor-widget elementor-widget-heading\" data-id=\"18f7028\" data-element_type=\"widget\" data-e-type=\"widget\" data-widget_type=\"heading.default\">\n\t\t\t\t<div class=\"elementor-widget-container\">\n\t\t\t\t\t<h1 class=\"elementor-heading-title elementor-size-default\">Politique de confidentialit\u00e9<\/h1>\t\t\t\t<\/div>\n\t\t\t\t<\/div>\n\t\t\t\t\t<\/div>\n\t\t\t\t<\/div>\n\t\t<div class=\"elementor-element elementor-element-6d68595 e-flex e-con-boxed e-con e-parent\" data-id=\"6d68595\" data-element_type=\"container\" data-e-type=\"container\">\n\t\t\t\t\t<div class=\"e-con-inner\">\n\t\t\t\t<div class=\"elementor-element elementor-element-9a52249 elementor-widget elementor-widget-text-editor\" data-id=\"9a52249\" data-element_type=\"widget\" data-e-type=\"widget\" data-widget_type=\"text-editor.default\">\n\t\t\t\t<div class=\"elementor-widget-container\">\n\t\t\t\t\t\t\t\t\t<section class=\"elementor-section elementor-inner-section elementor-element elementor-element-93b207e elementor-section-content-middle elementor-section-boxed elementor-section-height-default elementor-section-height-default\" data-id=\"93b207e\" data-element_type=\"section\">\n<div class=\"elementor-container elementor-column-gap-default\">\n<div class=\"elementor-column elementor-col-100 elementor-inner-column elementor-element elementor-element-2683c469\" data-id=\"2683c469\" data-element_type=\"column\">\n<div class=\"elementor-widget-wrap elementor-element-populated\">\n<div class=\"elementor-element elementor-element-46500382 elementor-widget elementor-widget-text-editor\" data-id=\"46500382\" data-element_type=\"widget\" data-widget_type=\"text-editor.default\">\n<div class=\"elementor-widget-container\">\n<div class=\"gmail_default\">\n<p>We at Chateau de Vaud\u00e9zert are committed to protecting any data that we collect concerning you. By using our services, you agree to the use of the data that we collect in accordance with this Privacy Policy. We are committed to protecting your privacy.<\/p>\n<p>This Policy indicates the type of processes that may result in data being collected about you. Your use of this website gives us the right to collect information that you have agreed to.<\/p>\n<\/div>\n<\/div>\n<\/div>\n<\/div>\n<\/div>\n<\/div>\n<\/section>\n<div class=\"elementor-element elementor-element-5338fd6 elementor-widget elementor-widget-heading\" data-id=\"5338fd6\" data-element_type=\"widget\" data-widget_type=\"heading.default\">\n<div class=\"elementor-widget-container\">\n<h2 class=\"elementor-heading-title elementor-size-default\">The Information We Collect<\/h2><div><br><\/div>\n<\/div>\n<\/div>\n<div class=\"elementor-element elementor-element-da6a5f1 elementor-widget elementor-widget-text-editor\" data-id=\"da6a5f1\" data-element_type=\"widget\" data-widget_type=\"text-editor.default\">\n<div class=\"elementor-widget-container\">\n<div class=\"gmail_default\">\n<p><strong>CONTACT DETAILS<\/strong><\/p>\n<p>We receive your name and email address when you submit an enquiry on our website. We use this information solely for the purpose of responding to your enquiry, or for processing a booking should you decide to proceed with making a reservation with us. We also give you an option to opt-in to email marketing when you enquire with us. You can opt out of email marketing at any time by clicking the \u2018unsubscribe\u2019 link at the bottom of our email newsletters.<\/p>\n<p><strong>COOKIES<\/strong><\/p>\n<p>We use cookies on the Ch\u00e2teau de Vaud\u00e9zert website. These cookies collect information about your use of the website so that we can improve your online experience. When you visit the website you can allow or disallow it to store cookies on your computer\u2019s hard drive, by customising your cookie preferences using your web browser\u2019s preferences\/options\/tools.<\/p>\n<p>This website uses Google Analytics, a web analytics service provided by Google, Inc. Google Analytics sets a cookie in order to evaluate your use of the website and compile reports for us on activity on the website.<\/p>\n<p>Google stores the information collected by the cookie on servers in the United States. Google may also transfer this information to third parties where required to do so by law, or where such third parties process the information on Google\u2019s behalf. Google will not associate your IP address with any other data held by Google. By using the Ch\u00e2teau de Vaud\u00e9zert website, you consent to the processing of data about you by Google in the manner and for the purposes set out above.<\/p>\n<p>We may use aggregate information and statistics from Google Analytics for the purpose of monitoring website usage, but the statistics will not include any information that can be used to identify any individual. We use this information to improve the website experience for our users.<br>To reject, delete or find out more about this cookie visit&nbsp;<a href=\"http:\/\/developer.google.com\/\">developer.google.com<\/a>.<\/p>\n<\/div>\n<\/div>\n<\/div>\n<div class=\"elementor-element elementor-element-42845d6 elementor-widget elementor-widget-heading\" data-id=\"42845d6\" data-element_type=\"widget\" data-widget_type=\"heading.default\">\n<div class=\"elementor-widget-container\">\n<h2>&nbsp;<\/h2>\n<h2 class=\"elementor-heading-title elementor-size-default\">Information Use<\/h2>\n<\/div>\n<\/div>\n<div class=\"elementor-element elementor-element-2c62131 elementor-widget elementor-widget-text-editor\" data-id=\"2c62131\" data-element_type=\"widget\" data-widget_type=\"text-editor.default\">\n<div class=\"elementor-widget-container\">\n<div class=\"gmail_default\">\n<p>By submitting your name and email address with your enquiry, you are consenting to receive the particular piece of information you requested. We also give you an option to opt-in to email marketing when you enquire with us. You can opt out of email marketing at any time by clicking the \u2018unsubscribe\u2019 link at the bottom of our email newsletters.<\/p>\n<p>We use the information collected primarily to process the task for which you visited the website. Data collected in the UK is held in accordance with the Data Protection Act. All reasonable precautions are taken to prevent unauthorised access to this information. This safeguard may require you to provide additional forms of identity should you wish to obtain information about your account details.<\/p>\n<p><strong>THIRD PARTIES<\/strong><\/p>\n<p>We employ other companies and individuals to perform functions on our behalf. Examples include processing bookings, analysing data, providing marketing assistance, providing search results and links (including paid listings and links). They have access to personal information needed to perform their functions, but may not use it for other purposes. Further, they must process the personal information in accordance with this Privacy Notice and as permitted by applicable data protection laws.<\/p><p><br><\/p>\n<\/div>\n<\/div>\n<\/div>\n<div class=\"elementor-element elementor-element-5cb3c32 elementor-widget elementor-widget-heading\" data-id=\"5cb3c32\" data-element_type=\"widget\" data-widget_type=\"heading.default\">\n<div class=\"elementor-widget-container\">\n<h2 class=\"elementor-heading-title elementor-size-default\">Changes to this Policy<\/h2><div><br><\/div>\n<\/div>\n<\/div>\n<div class=\"elementor-element elementor-element-2a4929d elementor-widget elementor-widget-text-editor\" data-id=\"2a4929d\" data-element_type=\"widget\" data-widget_type=\"text-editor.default\">\n<div class=\"elementor-widget-container\">\n<div class=\"gmail_default\">\n<p>Any changes to our Privacy Policy will be placed here and will supersede this version of our Policy. We will take reasonable steps to draw your attention to any changes in our Policy. However, to be on the safe side, we suggest that you read this document each time you use the website to ensure that it still meets with your approval.<\/p><p><br><\/p>\n<\/div>\n<\/div>\n<\/div>\n<div class=\"elementor-element elementor-element-ee1c5fa elementor-widget elementor-widget-heading\" data-id=\"ee1c5fa\" data-element_type=\"widget\" data-widget_type=\"heading.default\">\n<div class=\"elementor-widget-container\">\n<h2 class=\"elementor-heading-title elementor-size-default\">Contacting Us<\/h2><div><br><\/div>\n<\/div>\n<\/div>\n<div class=\"elementor-element elementor-element-cd5eb6b elementor-widget elementor-widget-text-editor\" data-id=\"cd5eb6b\" data-element_type=\"widget\" data-widget_type=\"text-editor.default\">\n<div class=\"elementor-widget-container\">\n<div class=\"gmail_default\">\n<p>If you have any questions about our Privacy Policy, or if you want to know what information we have collected about you, please email us. You can also correct any factual errors in that information or require us to remove your details form any list under our control. Contact the team on <a href=\"mailto:chateaudevaudezert@gmail.com\">chateaudevaudezert@gmail.com<\/a><\/p>\n<\/div>\n<\/div>\n<\/div>\t\t\t\t\t\t\t\t<\/div>\n\t\t\t\t<\/div>\n\t\t\t\t\t<\/div>\n\t\t\t\t<\/div>\n\t\t<div class=\"elementor-element elementor-element-3b778b6 e-flex e-con-boxed e-con e-parent\" data-id=\"3b778b6\" data-element_type=\"container\" data-e-type=\"container\">\n\t\t\t\t\t<div class=\"e-con-inner\">\n\t\t\t\t<div class=\"elementor-element elementor-element-55cc7e6 elementor-widget-divider--view-line elementor-widget elementor-widget-global elementor-global-205 elementor-widget-divider\" data-id=\"55cc7e6\" data-element_type=\"widget\" data-e-type=\"widget\" data-widget_type=\"divider.default\">\n\t\t\t\t<div class=\"elementor-widget-container\">\n\t\t\t\t\t\t\t<div class=\"elementor-divider\">\n\t\t\t<span class=\"elementor-divider-separator\">\n\t\t\t\t\t\t<\/span>\n\t\t<\/div>\n\t\t\t\t\t\t<\/div>\n\t\t\t\t<\/div>\n\t\t\t\t\t<\/div>\n\t\t\t\t<\/div>\n\t\t\t\t<\/div>","protected":false},"excerpt":{"rendered":"<p>Privacy Policy We at Chateau de Vaud\u00e9zert are committed to protecting any data that we collect concerning you. By using our services, you agree to the use of the data that we collect in accordance with this Privacy Policy. We are committed to protecting your privacy. This Policy indicates the type of processes that may [&hellip;]<\/p>\n","protected":false},"author":241422018,"featured_media":0,"parent":0,"menu_order":0,"comment_status":"closed","ping_status":"closed","template":"","meta":{"_crdt_document":"","footnotes":""},"class_list":["post-336","page","type-page","status-publish","hentry"],"yoast_head":"<!-- This site is optimized with the Yoast SEO plugin v27.5 - https:\/\/yoast.com\/product\/yoast-seo-wordpress\/ -->\n<title>Privacy Policy | Ch\u00e2teau de Vaud\u00e9zert<\/title>\n<meta name=\"robots\" content=\"noindex, follow\" \/>\n<meta property=\"og:locale\" content=\"fr_FR\" \/>\n<meta property=\"og:type\" content=\"article\" \/>\n<meta property=\"og:title\" content=\"Privacy Policy | Ch\u00e2teau de Vaud\u00e9zert\" \/>\n<meta property=\"og:description\" content=\"Privacy Policy We at Chateau de Vaud\u00e9zert are committed to protecting any data that we collect concerning you. By using our services, you agree to the use of the data that we collect in accordance with this Privacy Policy. We are committed to protecting your privacy. This Policy indicates the type of processes that may [&hellip;]\" \/>\n<meta property=\"og:url\" content=\"https:\/\/chateaudevaudezert.com\/fr\/politique-de-confidentialite\/\" \/>\n<meta property=\"og:site_name\" content=\"Ch\u00e2teau de Vaud\u00e9zert\" \/>\n<meta property=\"article:publisher\" content=\"https:\/\/www.facebook.com\/ChateaudeVaudezert\" \/>\n<meta property=\"article:modified_time\" content=\"2024-06-07T08:56:28+00:00\" \/>\n<meta property=\"og:image\" content=\"https:\/\/mli1vqbg0y0q.i.optimole.com\/w:1024\/h:576\/q:mauto\/f:best\/https:\/\/chateaudevaudezert.com\/wp-content\/uploads\/2023\/11\/Chateau-de-Vaudezert-Normandy-from-above-2.png\" \/>\n\t<meta property=\"og:image:width\" content=\"1024\" \/>\n\t<meta property=\"og:image:height\" content=\"576\" \/>\n\t<meta property=\"og:image:type\" content=\"image\/png\" \/>\n<meta name=\"twitter:card\" content=\"summary_large_image\" \/>\n<meta name=\"twitter:label1\" content=\"Dur\u00e9e de lecture estim\u00e9e\" \/>\n\t<meta name=\"twitter:data1\" content=\"4 minutes\" \/>\n<script type=\"application\/ld+json\" class=\"yoast-schema-graph\">{\"@context\":\"https:\\\/\\\/schema.org\",\"@graph\":[{\"@type\":\"WebPage\",\"@id\":\"https:\\\/\\\/chateaudevaudezert.com\\\/privacy-policy\\\/\",\"url\":\"https:\\\/\\\/chateaudevaudezert.com\\\/privacy-policy\\\/\",\"name\":\"Privacy Policy | Ch\u00e2teau de Vaud\u00e9zert\",\"isPartOf\":{\"@id\":\"https:\\\/\\\/chateaudevaudezert.com\\\/#website\"},\"datePublished\":\"2023-10-21T16:17:01+00:00\",\"dateModified\":\"2024-06-07T08:56:28+00:00\",\"breadcrumb\":{\"@id\":\"https:\\\/\\\/chateaudevaudezert.com\\\/privacy-policy\\\/#breadcrumb\"},\"inLanguage\":\"fr-FR\",\"potentialAction\":[{\"@type\":\"ReadAction\",\"target\":[\"https:\\\/\\\/chateaudevaudezert.com\\\/privacy-policy\\\/\"]}]},{\"@type\":\"BreadcrumbList\",\"@id\":\"https:\\\/\\\/chateaudevaudezert.com\\\/privacy-policy\\\/#breadcrumb\",\"itemListElement\":[{\"@type\":\"ListItem\",\"position\":1,\"name\":\"Home\",\"item\":\"https:\\\/\\\/chateaudevaudezert.com\\\/\"},{\"@type\":\"ListItem\",\"position\":2,\"name\":\"Privacy Policy\"}]},{\"@type\":\"WebSite\",\"@id\":\"https:\\\/\\\/chateaudevaudezert.com\\\/#website\",\"url\":\"https:\\\/\\\/chateaudevaudezert.com\\\/\",\"name\":\"Ch\u00e2teau de Vaud\u00e9zert\",\"description\":\"A dreamy Normandy Ch\u00e2teau available for romantic weddings and group holidays.\",\"publisher\":{\"@id\":\"https:\\\/\\\/chateaudevaudezert.com\\\/#organization\"},\"potentialAction\":[{\"@type\":\"SearchAction\",\"target\":{\"@type\":\"EntryPoint\",\"urlTemplate\":\"https:\\\/\\\/chateaudevaudezert.com\\\/?s={search_term_string}\"},\"query-input\":{\"@type\":\"PropertyValueSpecification\",\"valueRequired\":true,\"valueName\":\"search_term_string\"}}],\"inLanguage\":\"fr-FR\"},{\"@type\":\"Organization\",\"@id\":\"https:\\\/\\\/chateaudevaudezert.com\\\/#organization\",\"name\":\"Ch\u00e2teau de Vaud\u00e9zert\",\"url\":\"https:\\\/\\\/chateaudevaudezert.com\\\/\",\"logo\":{\"@type\":\"ImageObject\",\"inLanguage\":\"fr-FR\",\"@id\":\"https:\\\/\\\/chateaudevaudezert.com\\\/#\\\/schema\\\/logo\\\/image\\\/\",\"url\":\"https:\\/\\/mli1vqbg0y0q.i.optimole.com\\/w:auto\\/h:auto\\/q:mauto\\/f:best\\/https:\\/\\/i0.wp.com\\/chateaudevaudezert.com\\/wp-content\\/uploads\\/2023\\/11\\/cropped-Vaudezert-logo-for-social-media-1.png\",\"contentUrl\":\"https:\\/\\/mli1vqbg0y0q.i.optimole.com\\/w:auto\\/h:auto\\/q:mauto\\/f:best\\/https:\\/\\/i0.wp.com\\/chateaudevaudezert.com\\/wp-content\\/uploads\\/2023\\/11\\/cropped-Vaudezert-logo-for-social-media-1.png\",\"width\":708,\"height\":708,\"caption\":\"Ch\u00e2teau de Vaud\u00e9zert\"},\"image\":{\"@id\":\"https:\\\/\\\/chateaudevaudezert.com\\\/#\\\/schema\\\/logo\\\/image\\\/\"},\"sameAs\":[\"https:\\\/\\\/www.facebook.com\\\/ChateaudeVaudezert\",\"https:\\\/\\\/www.instagram.com\\\/chateau_de_vaudezert\\\/\"]}]}<\/script>\n<!-- \/ Yoast SEO plugin. -->","yoast_head_json":{"title":"Politique de Confidentialit\u00e9 | Ch\u00e2teau de Vaud\u00e9zert","robots":{"index":"noindex","follow":"follow"},"og_locale":"fr_FR","og_type":"article","og_title":"Privacy Policy | Ch\u00e2teau de Vaud\u00e9zert","og_description":"Privacy Policy We at Chateau de Vaud\u00e9zert are committed to protecting any data that we collect concerning you. By using our services, you agree to the use of the data that we collect in accordance with this Privacy Policy. We are committed to protecting your privacy. This Policy indicates the type of processes that may [&hellip;]","og_url":"https:\/\/chateaudevaudezert.com\/fr\/politique-de-confidentialite\/","og_site_name":"Ch\u00e2teau de Vaud\u00e9zert","article_publisher":"https:\/\/www.facebook.com\/ChateaudeVaudezert","article_modified_time":"2024-06-07T08:56:28+00:00","og_image":[{"width":1024,"height":576,"url":"https:\/\/mli1vqbg0y0q.i.optimole.com\/w:1024\/h:576\/q:mauto\/f:best\/https:\/\/chateaudevaudezert.com\/wp-content\/uploads\/2023\/11\/Chateau-de-Vaudezert-Normandy-from-above-2.png","type":"image\/png"}],"twitter_card":"summary_large_image","twitter_misc":{"Dur\u00e9e de lecture estim\u00e9e":"4 minutes"},"schema":{"@context":"https:\/\/schema.org","@graph":[{"@type":"WebPage","@id":"https:\/\/chateaudevaudezert.com\/privacy-policy\/","url":"https:\/\/chateaudevaudezert.com\/privacy-policy\/","name":"Politique de Confidentialit\u00e9 | Ch\u00e2teau de Vaud\u00e9zert","isPartOf":{"@id":"https:\/\/chateaudevaudezert.com\/#website"},"datePublished":"2023-10-21T16:17:01+00:00","dateModified":"2024-06-07T08:56:28+00:00","breadcrumb":{"@id":"https:\/\/chateaudevaudezert.com\/privacy-policy\/#breadcrumb"},"inLanguage":"fr-FR","potentialAction":[{"@type":"ReadAction","target":["https:\/\/chateaudevaudezert.com\/privacy-policy\/"]}]},{"@type":"BreadcrumbList","@id":"https:\/\/chateaudevaudezert.com\/privacy-policy\/#breadcrumb","itemListElement":[{"@type":"ListItem","position":1,"name":"Home","item":"https:\/\/chateaudevaudezert.com\/"},{"@type":"ListItem","position":2,"name":"Privacy Policy"}]},{"@type":"WebSite","@id":"https:\/\/chateaudevaudezert.com\/#website","url":"https:\/\/chateaudevaudezert.com\/","name":"Ch\u00e2teau de Vaud\u00e9zert","description":"A dreamy Normandy Ch\u00e2teau available for romantic weddings and group holidays.","publisher":{"@id":"https:\/\/chateaudevaudezert.com\/#organization"},"potentialAction":[{"@type":"SearchAction","target":{"@type":"EntryPoint","urlTemplate":"https:\/\/chateaudevaudezert.com\/?s={search_term_string}"},"query-input":{"@type":"PropertyValueSpecification","valueRequired":true,"valueName":"search_term_string"}}],"inLanguage":"fr-FR"},{"@type":"Organization","@id":"https:\/\/chateaudevaudezert.com\/#organization","name":"Ch\u00e2teau de Vaud\u00e9zert","url":"https:\/\/chateaudevaudezert.com\/","logo":{"@type":"ImageObject","inLanguage":"fr-FR","@id":"https:\/\/chateaudevaudezert.com\/#\/schema\/logo\/image\/","url":"https:\/\/mli1vqbg0y0q.i.optimole.com\/w:auto\/h:auto\/q:mauto\/f:best\/https:\/\/i0.wp.com\/chateaudevaudezert.com\/wp-content\/uploads\/2023\/11\/cropped-Vaudezert-logo-for-social-media-1.png","contentUrl":"https:\/\/mli1vqbg0y0q.i.optimole.com\/w:auto\/h:auto\/q:mauto\/f:best\/https:\/\/i0.wp.com\/chateaudevaudezert.com\/wp-content\/uploads\/2023\/11\/cropped-Vaudezert-logo-for-social-media-1.png","width":708,"height":708,"caption":"Ch\u00e2teau de Vaud\u00e9zert"},"image":{"@id":"https:\/\/chateaudevaudezert.com\/#\/schema\/logo\/image\/"},"sameAs":["https:\/\/www.facebook.com\/ChateaudeVaudezert","https:\/\/www.instagram.com\/chateau_de_vaudezert\/"]}]}},"jetpack_likes_enabled":true,"jetpack_sharing_enabled":true,"jetpack_shortlink":"https:\/\/wp.me\/PfdoJj-5q","jetpack-related-posts":[],"_links":{"self":[{"href":"https:\/\/chateaudevaudezert.com\/fr\/wp-json\/wp\/v2\/pages\/336","targetHints":{"allow":["GET"]}}],"collection":[{"href":"https:\/\/chateaudevaudezert.com\/fr\/wp-json\/wp\/v2\/pages"}],"about":[{"href":"https:\/\/chateaudevaudezert.com\/fr\/wp-json\/wp\/v2\/types\/page"}],"author":[{"embeddable":true,"href":"https:\/\/chateaudevaudezert.com\/fr\/wp-json\/wp\/v2\/users\/241422018"}],"replies":[{"embeddable":true,"href":"https:\/\/chateaudevaudezert.com\/fr\/wp-json\/wp\/v2\/comments?post=336"}],"version-history":[{"count":7,"href":"https:\/\/chateaudevaudezert.com\/fr\/wp-json\/wp\/v2\/pages\/336\/revisions"}],"predecessor-version":[{"id":1589,"href":"https:\/\/chateaudevaudezert.com\/fr\/wp-json\/wp\/v2\/pages\/336\/revisions\/1589"}],"wp:attachment":[{"href":"https:\/\/chateaudevaudezert.com\/fr\/wp-json\/wp\/v2\/media?parent=336"}],"curies":[{"name":"wp","href":"https:\/\/api.w.org\/{rel}","templated":true}]}}